{"id":24438,"date":"2024-01-15T11:11:32","date_gmt":"2024-01-15T10:11:32","guid":{"rendered":"https:\/\/niezawodneczesci.pl\/?page_id=24438"},"modified":"2024-01-16T09:02:35","modified_gmt":"2024-01-16T08:02:35","slug":"wyprzedaz","status":"publish","type":"page","link":"https:\/\/niezawodneczesci.pl\/sk\/wyprzedaz\/","title":{"rendered":"Wyprzeda\u017c"},"content":{"rendered":"<div data-elementor-type=\"wp-page\" data-elementor-id=\"24438\" class=\"elementor elementor-24438\" data-elementor-post-type=\"page\">\n\t\t\t\t<div class=\"elementor-element elementor-element-3f355f98 e-flex e-con-boxed e-con e-parent\" data-id=\"3f355f98\" data-element_type=\"container\" data-settings=\"{&quot;container_type&quot;:&quot;flex&quot;,&quot;content_width&quot;:&quot;boxed&quot;}\" data-core-v316-plus=\"true\">\n\t\t\t\t\t<div class=\"e-con-inner\">\n\t\t\t\t<div class=\"elementor-element elementor-element-1a26621c elementor-widget elementor-widget-text-editor\" data-id=\"1a26621c\" data-element_type=\"widget\" data-widget_type=\"text-editor.default\">\n\t\t\t\t<div class=\"elementor-widget-container\">\n\t\t\t<style>\/*! elementor - v3.19.0 - 28-02-2024 *\/\n.elementor-widget-text-editor.elementor-drop-cap-view-stacked .elementor-drop-cap{background-color:#69727d;color:#fff}.elementor-widget-text-editor.elementor-drop-cap-view-framed .elementor-drop-cap{color:#69727d;border:3px solid;background-color:transparent}.elementor-widget-text-editor:not(.elementor-drop-cap-view-default) .elementor-drop-cap{margin-top:8px}.elementor-widget-text-editor:not(.elementor-drop-cap-view-default) .elementor-drop-cap-letter{width:1em;height:1em}.elementor-widget-text-editor .elementor-drop-cap{float:left;text-align:center;line-height:1;font-size:50px}.elementor-widget-text-editor .elementor-drop-cap-letter{display:inline-block}<\/style>\t\t\t\t<p><!-- wp:paragraph --><\/p>\n<p>Klocki hamulcowe obj\u0119te wyprzeda\u017c\u0105 i nowymi cenami\u00a0<span style=\"color: var( --e-global-color-text ); font-family: var( --e-global-typography-text-font-family ), Sans-serif; font-weight: var( --e-global-typography-text-font-weight ); text-align: var(--text-align); font-size: 1rem;\">(kliknij numer klocka aby przej\u015b\u0107 do wybranej pozycji):<\/span><\/p>\n<p><!-- \/wp:paragraph --><!-- wp:list --><\/p>\n<ul>\n<li style=\"list-style-type: none;\">\n<ul><!-- wp:list-item --><\/ul>\n<\/li>\n<\/ul>\n<p>\u00a0<\/p>\n<ul>\n<li style=\"list-style-type: none;\">\n<ul>\n<li><a href=\"https:\/\/niezawodneczesci.pl\/sk\/produkt\/klocki-hamulcowe-gdb1607-ford-opel-volvo-saab\/\">SR0570.02-1607<\/a> | Ford Opel Volvo Saab | 41,07 z\u0142 -&gt; <span style=\"color: #008000;\"><strong>23,36 z\u0142<\/strong><\/span><\/li>\n<\/ul>\n<\/li>\n<\/ul>\n<p><!-- \/wp:list-item --><!-- wp:list-item --><\/p>\n<ul>\n<li style=\"list-style-type: none;\">\n<ul>\n<li><a href=\"https:\/\/niezawodneczesci.pl\/sk\/produkt\/klocki-hamulcowe-gdb1032-peugeot-citroen\/\">SR0005.01-1032<\/a> | Peugeot Citroen | 28,60 z\u0142 -&gt; <span style=\"color: #008000;\"><strong>16,50 z\u0142<\/strong><\/span><\/li>\n<\/ul>\n<\/li>\n<\/ul>\n<p><!-- \/wp:list-item --><!-- wp:list-item --><\/p>\n<ul>\n<li style=\"list-style-type: none;\">\n<ul>\n<li><a href=\"https:\/\/niezawodneczesci.pl\/sk\/produkt\/klocki-hamulcowe-sunrich-sr0580-01-3484\/\">SR0580.01-3484<\/a> | Lexus Toyota | 45,81 z\u0142 -&gt; <span style=\"color: #008000;\"><strong>26,44 z\u0142<\/strong><\/span><\/li>\n<\/ul>\n<\/li>\n<\/ul>\n<p><!-- \/wp:list-item --><!-- wp:list-item --><\/p>\n<ul>\n<li style=\"list-style-type: none;\">\n<ul>\n<li><a href=\"https:\/\/niezawodneczesci.pl\/sk\/produkt\/klocki-hamulcowe-gdb1033-peugeot-citroen\/\">SR0005.01-1033<\/a> | Peugeot Citroen | 28,60 z\u0142 -&gt;<span style=\"color: #008000;\"><strong> 16,50 z\u0142<\/strong><\/span><\/li>\n<\/ul>\n<\/li>\n<\/ul>\n<p><!-- \/wp:list-item --><!-- wp:list-item --><\/p>\n<ul>\n<li style=\"list-style-type: none;\">\n<ul>\n<li><a href=\"https:\/\/niezawodneczesci.pl\/sk\/produkt\/klocki-hamulcowe-sunrich-przod-sr0015-02-1423\/\">SR0015.02-1423<\/a> | Citroen Peugeot | 26,48 z\u0142 -&gt;<span style=\"color: #008000;\"><strong> 18,39 z\u0142<\/strong><\/span><\/li>\n<\/ul>\n<\/li>\n<\/ul>\n<p><!-- \/wp:list-item --><!-- wp:list-item --><\/p>\n<ul>\n<li style=\"list-style-type: none;\">\n<ul>\n<li><a href=\"https:\/\/niezawodneczesci.pl\/sk\/produkt\/klocki-hamulcowe-gdb3331-hyundai-accent-ii\/\">SR0067.01-3331<\/a> | Hyundai | 32,55 z\u0142 -&gt; <span style=\"color: #008000;\"><strong>20,33 z\u0142<\/strong><\/span><\/li>\n<\/ul>\n<\/li>\n<\/ul>\n<p><!-- \/wp:list-item --><!-- wp:list-item --><\/p>\n<ul>\n<li style=\"list-style-type: none;\">\n<ul>\n<li><a href=\"https:\/\/niezawodneczesci.pl\/sk\/produkt\/klocki-hamulcowe-gdb1107-ford\/\">SR0096.01-1107<\/a> | Ford | 21,00 z\u0142 -&gt;<span style=\"color: #008000;\"><strong> 19,14 z\u0142<\/strong><\/span><\/li>\n<\/ul>\n<\/li>\n<\/ul>\n<p><!-- \/wp:list-item --><!-- wp:list-item --><\/p>\n<ul>\n<li style=\"list-style-type: none;\">\n<ul>\n<li><a href=\"https:\/\/niezawodneczesci.pl\/sk\/produkt\/klocki-hamulcowe-gdb1108-ford-mondeo\/\">SR0096.02-1108<\/a> | Ford | 22,00 z\u0142 -&gt;<span style=\"color: #008000;\"><strong> 20,55 z\u0142<\/strong><\/span><\/li>\n<\/ul>\n<\/li>\n<\/ul>\n<p><!-- \/wp:list-item --><!-- wp:list-item --><\/p>\n<ul>\n<li style=\"list-style-type: none;\">\n<ul>\n<li><a href=\"https:\/\/niezawodneczesci.pl\/sk\/produkt\/klocki-hamulcowe-sunrich-tyl-sr0098-01-911\/\">SR0098.01-911<\/a> | Mercedes-Benz | 24,76 z\u0142 -&gt;<span style=\"color: #008000;\"><strong> 14,12 z\u0142<\/strong><\/span><\/li>\n<\/ul>\n<\/li>\n<\/ul>\n<p><!-- \/wp:list-item --><!-- wp:list-item --><\/p>\n<ul>\n<li style=\"list-style-type: none;\">\n<ul>\n<li><a href=\"https:\/\/niezawodneczesci.pl\/sk\/produkt\/klocki-hamulcowe-sunrich-tyl-sr0142-01-3198\/\">SR0142.01-3198<\/a> | Lexus Toyota | 40,79 z\u0142 -&gt;<span style=\"color: #008000;\"><strong> 16,50 z\u0142<\/strong><\/span><\/li>\n<\/ul>\n<\/li>\n<\/ul>\n<p><!-- \/wp:list-item --><!-- wp:list-item --><\/p>\n<ul>\n<li style=\"list-style-type: none;\">\n<ul>\n<li><a href=\"https:\/\/niezawodneczesci.pl\/sk\/produkt\/klocki-hamulcowe-gdb1094-mercedes-benz\/\">SR0222.01-1094<\/a> | Mercedes-Benz | 34,65 z\u0142 -&gt;<span style=\"color: #008000;\"> <strong>20,55 z\u0142<\/strong><\/span><\/li>\n<\/ul>\n<\/li>\n<\/ul>\n<p><!-- \/wp:list-item --><!-- wp:list-item --><\/p>\n<ul>\n<li style=\"list-style-type: none;\">\n<ul>\n<li><a href=\"https:\/\/niezawodneczesci.pl\/sk\/produkt\/klocki-hamulcowe-sunrich-tyl-sr0247-01-1571\/\">SR0247.01-1571<\/a> | Renault | 26,81 z\u0142 -&gt;<span style=\"color: #008000;\"><strong> 18,66 z\u0142<\/strong><\/span><\/li>\n<\/ul>\n<\/li>\n<\/ul>\n<p><!-- \/wp:list-item --><!-- wp:list-item --><\/p>\n<ul>\n<li style=\"list-style-type: none;\">\n<ul>\n<li><a href=\"https:\/\/niezawodneczesci.pl\/sk\/produkt\/klocki-hamulcowe-gdb1518-peugeot-fiat-citroen\/\">SR0282.02-1518<\/a> | Peugeot Fiat Citroen | 25,00 z\u0142 -&gt;<span style=\"color: #008000;\"> <strong>23,54 z\u0142<\/strong><\/span><\/li>\n<\/ul>\n<\/li>\n<\/ul>\n<p><!-- \/wp:list-item --><!-- wp:list-item --><\/p>\n<ul>\n<li style=\"list-style-type: none;\">\n<ul>\n<li><a href=\"https:\/\/niezawodneczesci.pl\/sk\/produkt\/klocki-hamulcowe-gdb1421-mercedes-benz\/\">SR0310.02-1421<\/a> | Mercedes-Benz | 25,84 z\u0142 -&gt;<span style=\"color: #008000;\"><strong> 16,98 z\u0142<\/strong><\/span><\/li>\n<\/ul>\n<\/li>\n<\/ul>\n<p><!-- \/wp:list-item --><!-- wp:list-item --><\/p>\n<ul>\n<li style=\"list-style-type: none;\">\n<ul>\n<li><a href=\"https:\/\/niezawodneczesci.pl\/sk\/produkt\/klocki-hamulcowe-gdb1106-peugeot-fiat-citroen\/\">SR0315.02-1106<\/a> | Citroen Fiat Peugeot | 25,00 z\u0142 -&gt;<span style=\"color: #008000;\"><strong> 23,45 z\u0142<\/strong><\/span><\/li>\n<\/ul>\n<\/li>\n<\/ul>\n<p><!-- \/wp:list-item --><!-- wp:list-item --><\/p>\n<ul>\n<li style=\"list-style-type: none;\">\n<ul>\n<li><a href=\"https:\/\/niezawodneczesci.pl\/sk\/produkt\/klocki-hamulcowe-sunrich-sr0360-01-1527\/\">SR0360.01-1527<\/a> | Land Rover | 34,11 z\u0142 -&gt;<span style=\"color: #008000;\"> <strong>21,38 z\u0142<\/strong><\/span><\/li>\n<\/ul>\n<\/li>\n<\/ul>\n<p><!-- \/wp:list-item --><!-- wp:list-item --><\/p>\n<ul>\n<li style=\"list-style-type: none;\">\n<ul>\n<li><a href=\"https:\/\/niezawodneczesci.pl\/sk\/produkt\/klocki-hamulcowe-sunrich-przod-sr0413-01-3435\/\">SR0413.01-3435<\/a> | Mitsubishi | 31,66 z\u0142 -&gt;<span style=\"color: #008000;\"><strong> 18,61 z\u0142<\/strong><\/span><\/li>\n<\/ul>\n<\/li>\n<\/ul>\n<p><!-- \/wp:list-item --><!-- wp:list-item --><\/p>\n<ul>\n<li style=\"list-style-type: none;\">\n<ul>\n<li><a href=\"https:\/\/niezawodneczesci.pl\/sk\/produkt\/klocki-hamulcowe-sunrich-sr0421-01-3325\/\">SR0421.01-3325<\/a> | Honda |\u00a0 36,02 z\u0142 -&gt;<span style=\"color: #008000;\"><strong> 22,70 z\u0142<\/strong><\/span><\/li>\n<\/ul>\n<\/li>\n<\/ul>\n<p><!-- \/wp:list-item --><!-- wp:list-item --><\/p>\n<ul>\n<li style=\"list-style-type: none;\">\n<ul>\n<li><a href=\"https:\/\/niezawodneczesci.pl\/sk\/produkt\/klocki-hamulcowe-sunrich-przod-sr0426-01-3240\/\">SR0426.01-3240<\/a> | Honda | 30,31 z\u0142 -&gt; <span style=\"color: #008000;\"><strong>17,73 z\u0142<\/strong><\/span><\/li>\n<\/ul>\n<\/li>\n<\/ul>\n<p><!-- \/wp:list-item --><!-- wp:list-item --><\/p>\n<ul>\n<li style=\"list-style-type: none;\">\n<ul>\n<li><a href=\"https:\/\/niezawodneczesci.pl\/sk\/produkt\/klocki-hamulcowe-sunrich-przod-sr0446-01-3163\/\">SR0446.01-3163<\/a> | Toyota | 27,43 z\u0142 -&gt; <span style=\"color: #008000;\"><strong>19,14 z\u0142<\/strong><\/span><\/li>\n<\/ul>\n<\/li>\n<\/ul>\n<p><!-- \/wp:list-item --><!-- wp:list-item --><\/p>\n<ul>\n<li style=\"list-style-type: none;\">\n<ul>\n<li><a href=\"https:\/\/niezawodneczesci.pl\/sk\/produkt\/klocki-hamulcowe-sunrich-sr0477-01-1738\/\">SR0477.01-1738<\/a> | Mercedes-Benz | 33,76 z\u0142 -&gt; <span style=\"color: #008000;\"><strong>21,16 z\u0142<\/strong><\/span><\/li>\n<\/ul>\n<\/li>\n<\/ul>\n<p><!-- \/wp:list-item --><!-- wp:list-item --><\/p>\n<ul>\n<li style=\"list-style-type: none;\">\n<ul>\n<li><a href=\"https:\/\/niezawodneczesci.pl\/sk\/produkt\/klocki-hamulcowe-gdb3392-infinity-nissan-renault\/\">SR0491.01-3392<\/a> | Infinity Nissan Renault | 43,22 z\u0142 -&gt;<span style=\"color: #008000;\"><strong> 24,82 z\u0142<\/strong><\/span><\/li>\n<\/ul>\n<\/li>\n<\/ul>\n<p><!-- \/wp:list-item --><!-- wp:list-item --><\/p>\n<ul>\n<li style=\"list-style-type: none;\">\n<ul>\n<li><a href=\"https:\/\/niezawodneczesci.pl\/sk\/produkt\/klocki-hamulcowe-sunrich-przod-sr0498-01-1271\/\">SR0498.01-1271<\/a> | Opel Saab | 32,47 z\u0142 -&gt;<span style=\"color: #008000;\"> <strong>20,20 z\u0142<\/strong><\/span><\/li>\n<\/ul>\n<\/li>\n<\/ul>\n<p><!-- \/wp:list-item --><!-- wp:list-item --><\/p>\n<ul>\n<li style=\"list-style-type: none;\">\n<ul>\n<li><a href=\"https:\/\/niezawodneczesci.pl\/sk\/produkt\/klocki-hamulcowe-gdb1638-fiat\/\">SR0509.01-1638<\/a> | Fiat | 43,66 z\u0142 -&gt;<span style=\"color: #008000;\"> <strong>26,09 z\u0142<\/strong><\/span><\/li>\n<\/ul>\n<\/li>\n<\/ul>\n<p><!-- \/wp:list-item --><!-- wp:list-item --><\/p>\n<ul>\n<li style=\"list-style-type: none;\">\n<ul>\n<li><a href=\"https:\/\/niezawodneczesci.pl\/sk\/produkt\/klocki-hamulcowe-gdb3461-hyundai-kia\/\">SR0577.01-3461<\/a> | Hyundai Kia | 47,52 z\u0142 -&gt; <span style=\"color: #008000;\"><strong>27,72 z\u0142<\/strong><\/span><\/li>\n<\/ul>\n<\/li>\n<\/ul>\n<p><!-- \/wp:list-item --><!-- wp:list-item --><\/p>\n<ul>\n<li style=\"list-style-type: none;\">\n<ul>\n<li><a href=\"https:\/\/niezawodneczesci.pl\/sk\/produkt\/klocki-hamulcowe-sunrich-sr0609-01-1737\/\">SR0609.01-1737<\/a> | Mercedes-Benz | 64,31 z\u0142 -&gt; <span style=\"color: #008000;\"><strong>42,28 z\u0142<\/strong><\/span><\/li>\n<\/ul>\n<\/li>\n<\/ul>\n<p><!-- \/wp:list-item --><!-- wp:list-item --><\/p>\n<ul>\n<li style=\"list-style-type: none;\">\n<ul>\n<li><a href=\"https:\/\/niezawodneczesci.pl\/sk\/produkt\/klocki-hamulcowe-sunrich-sr0613-02-1716\/\">SR0613.02-1716<\/a> | Chevrolet Opel | 35,27 z\u0142 -&gt; <span style=\"color: #008000;\"><strong>20,24 z\u0142<\/strong><\/span><\/li>\n<\/ul>\n<\/li>\n<\/ul>\n<p><!-- \/wp:list-item --><!-- wp:list-item --><\/p>\n<ul>\n<li style=\"list-style-type: none;\">\n<ul>\n<li><a href=\"https:\/\/niezawodneczesci.pl\/sk\/produkt\/klocki-hamulcowe-sunrich-przod-sr0622-01-1630\/\">SR0622.01-1630<\/a> | Mercedes-Benz | 33,34 z\u0142 -&gt;<span style=\"color: #008000;\"> <strong>21,08 z\u0142<\/strong><\/span><\/li>\n<\/ul>\n<\/li>\n<\/ul>\n<p><!-- \/wp:list-item --><!-- wp:list-item --><\/p>\n<ul>\n<li style=\"list-style-type: none;\">\n<ul>\n<li><a href=\"https:\/\/niezawodneczesci.pl\/sk\/produkt\/klocki-hamulcowe-sunrich-przod-sr0625-01-1420\/\">SR0625.01-1420<\/a> | Opel Suzuki | 33,41 z\u0142 -&gt; <span style=\"color: #008000;\"><strong>19,67 z\u0142<\/strong><\/span><\/li>\n<\/ul>\n<\/li>\n<\/ul>\n<p><!-- \/wp:list-item --><!-- wp:list-item --><\/p>\n<ul>\n<li style=\"list-style-type: none;\">\n<ul>\n<li><a href=\"https:\/\/niezawodneczesci.pl\/sk\/produkt\/klocki-hamulcowe-sunrich-przod-sr0640-04-1200\/\">SR0640.04-1200<\/a> | Audi Volkswagen | 32,47 z\u0142 -&gt;<strong><span style=\"color: #008000;\"> 19,23 z\u0142<\/span><\/strong><\/li>\n<\/ul>\n<\/li>\n<\/ul>\n<p><!-- \/wp:list-item --><!-- wp:list-item --><\/p>\n<ul>\n<li style=\"list-style-type: none;\">\n<ul>\n<li><a href=\"https:\/\/niezawodneczesci.pl\/sk\/produkt\/klocki-hamulcowe-sunrich-sr1008-01-1476\/\">SR1008.01-1476<\/a> | Mini | 42,70 z\u0142 -&gt; <strong><span style=\"color: #008000;\">25,78 z\u0142<\/span><\/strong><\/li>\n<\/ul>\n<\/li>\n<\/ul>\n<p><!-- \/wp:list-item --><\/p>\n<p><!-- \/wp:list --><\/p>\t\t\t\t\t\t<\/div>\n\t\t\t\t<\/div>\n\t\t\t\t\t<\/div>\n\t\t\t\t<\/div>\n\t\t\t\t<\/div>","protected":false},"excerpt":{"rendered":"<p>Klocki hamulcowe obj\u0119te wyprzeda\u017c\u0105 i nowymi cenami\u00a0(kliknij numer klocka aby przej\u015b\u0107 do wybranej pozycji):<\/p>","protected":false},"author":2,"featured_media":0,"parent":0,"menu_order":0,"comment_status":"closed","ping_status":"closed","template":"","meta":{"_monsterinsights_skip_tracking":false,"_monsterinsights_sitenote_active":false,"_monsterinsights_sitenote_note":"","_monsterinsights_sitenote_category":0,"footnotes":""},"class_list":["post-24438","page","type-page","status-publish","hentry"],"_links":{"self":[{"href":"https:\/\/niezawodneczesci.pl\/sk\/wp-json\/wp\/v2\/pages\/24438","targetHints":{"allow":["GET"]}}],"collection":[{"href":"https:\/\/niezawodneczesci.pl\/sk\/wp-json\/wp\/v2\/pages"}],"about":[{"href":"https:\/\/niezawodneczesci.pl\/sk\/wp-json\/wp\/v2\/types\/page"}],"author":[{"embeddable":true,"href":"https:\/\/niezawodneczesci.pl\/sk\/wp-json\/wp\/v2\/users\/2"}],"replies":[{"embeddable":true,"href":"https:\/\/niezawodneczesci.pl\/sk\/wp-json\/wp\/v2\/comments?post=24438"}],"version-history":[{"count":23,"href":"https:\/\/niezawodneczesci.pl\/sk\/wp-json\/wp\/v2\/pages\/24438\/revisions"}],"predecessor-version":[{"id":24467,"href":"https:\/\/niezawodneczesci.pl\/sk\/wp-json\/wp\/v2\/pages\/24438\/revisions\/24467"}],"wp:attachment":[{"href":"https:\/\/niezawodneczesci.pl\/sk\/wp-json\/wp\/v2\/media?parent=24438"}],"curies":[{"name":"wp","href":"https:\/\/api.w.org\/{rel}","templated":true}]}}