{"id":20195,"date":"2023-07-03T12:09:44","date_gmt":"2023-07-03T10:09:44","guid":{"rendered":"https:\/\/host801274.xce.pl\/?page_id=20195"},"modified":"2023-07-13T15:04:08","modified_gmt":"2023-07-13T13:04:08","slug":"o-nas","status":"publish","type":"page","link":"https:\/\/niezawodneczesci.pl\/sk\/o-nas\/","title":{"rendered":"O nas"},"content":{"rendered":"\t\t<div data-elementor-type=\"wp-page\" data-elementor-id=\"20195\" class=\"elementor elementor-20195\" data-elementor-post-type=\"page\">\n\t\t\t\t<div class=\"elementor-element elementor-element-d56facc e-flex e-con-boxed e-con e-parent\" data-id=\"d56facc\" data-element_type=\"container\" data-settings=\"{&quot;container_type&quot;:&quot;flex&quot;,&quot;content_width&quot;:&quot;boxed&quot;}\" data-core-v316-plus=\"true\">\n\t\t\t\t\t<div class=\"e-con-inner\">\n\t\t\t\t\t<\/div>\n\t\t\t\t<\/div>\n\t\t<div class=\"elementor-element elementor-element-f693d57 e-con-full e-flex e-con e-parent\" data-id=\"f693d57\" data-element_type=\"container\" data-settings=\"{&quot;content_width&quot;:&quot;full&quot;,&quot;container_type&quot;:&quot;flex&quot;}\" data-core-v316-plus=\"true\">\n\t\t<div class=\"elementor-element elementor-element-eee8273 e-con-full e-flex e-con e-child\" data-id=\"eee8273\" data-element_type=\"container\" data-settings=\"{&quot;content_width&quot;:&quot;full&quot;,&quot;container_type&quot;:&quot;flex&quot;}\">\n\t\t\t\t<div class=\"elementor-element elementor-element-0499d25 elementor-widget elementor-widget-image\" data-id=\"0499d25\" data-element_type=\"widget\" data-widget_type=\"image.default\">\n\t\t\t\t<div class=\"elementor-widget-container\">\n\t\t\t<style>\/*! elementor - v3.19.0 - 28-02-2024 *\/\n.elementor-widget-image{text-align:center}.elementor-widget-image a{display:inline-block}.elementor-widget-image a img[src$=\".svg\"]{width:48px}.elementor-widget-image img{vertical-align:middle;display:inline-block}<\/style>\t\t\t\t\t\t\t\t\t\t<img decoding=\"async\" src=\"https:\/\/niezawodneczesci.pl\/wp-content\/uploads\/elementor\/thumbs\/zazwieszenie-rmbz02q5hpttkjg6llamf6vy24bi9oeqoaqrbzvym8.png\" title=\"zazwieszenie\" alt=\"zazwieszenie\" loading=\"lazy\" \/>\t\t\t\t\t\t\t\t\t\t\t\t\t<\/div>\n\t\t\t\t<\/div>\n\t\t\t\t<\/div>\n\t\t<div class=\"elementor-element elementor-element-dd869f8 e-con-full e-flex e-con e-child\" data-id=\"dd869f8\" data-element_type=\"container\" data-settings=\"{&quot;content_width&quot;:&quot;full&quot;,&quot;container_type&quot;:&quot;flex&quot;}\">\n\t\t\t\t<div class=\"elementor-element elementor-element-2244d7b elementor-widget elementor-widget-text-editor\" data-id=\"2244d7b\" data-element_type=\"widget\" data-widget_type=\"text-editor.default\">\n\t\t\t\t<div class=\"elementor-widget-container\">\n\t\t\t<style>\/*! elementor - v3.19.0 - 28-02-2024 *\/\n.elementor-widget-text-editor.elementor-drop-cap-view-stacked .elementor-drop-cap{background-color:#69727d;color:#fff}.elementor-widget-text-editor.elementor-drop-cap-view-framed .elementor-drop-cap{color:#69727d;border:3px solid;background-color:transparent}.elementor-widget-text-editor:not(.elementor-drop-cap-view-default) .elementor-drop-cap{margin-top:8px}.elementor-widget-text-editor:not(.elementor-drop-cap-view-default) .elementor-drop-cap-letter{width:1em;height:1em}.elementor-widget-text-editor .elementor-drop-cap{float:left;text-align:center;line-height:1;font-size:50px}.elementor-widget-text-editor .elementor-drop-cap-letter{display:inline-block}<\/style>\t\t\t\t<h1 style=\"text-align: right;\">Sunrich\u00ae \/ Sekureco\u00ae\u00a0<\/h1><h1 style=\"text-align: right;\"><strong>Z NAMI DO CELU<\/strong><\/h1>\t\t\t\t\t\t<\/div>\n\t\t\t\t<\/div>\n\t\t<div class=\"elementor-element elementor-element-73015b2 e-flex e-con-boxed e-con e-child\" data-id=\"73015b2\" data-element_type=\"container\" data-settings=\"{&quot;container_type&quot;:&quot;flex&quot;,&quot;content_width&quot;:&quot;boxed&quot;}\">\n\t\t\t\t\t<div class=\"e-con-inner\">\n\t\t\t\t<div class=\"elementor-element elementor-element-53665ff elementor-widget elementor-widget-text-editor\" data-id=\"53665ff\" data-element_type=\"widget\" data-widget_type=\"text-editor.default\">\n\t\t\t\t<div class=\"elementor-widget-container\">\n\t\t\t\t\t\t\t<p>Lorem ipsum dolor sit amet, consectetur adipiscing elit. Ut elit tellus, luctus nec ullamcorper mattis, pulvinar dapibus leo.<\/p>\t\t\t\t\t\t<\/div>\n\t\t\t\t<\/div>\n\t\t\t\t\t<\/div>\n\t\t\t\t<\/div>\n\t\t\t\t<\/div>\n\t\t\t\t<\/div>\n\t\t<div class=\"elementor-element elementor-element-f48532f e-con-full e-flex e-con e-parent\" data-id=\"f48532f\" data-element_type=\"container\" data-settings=\"{&quot;content_width&quot;:&quot;full&quot;,&quot;container_type&quot;:&quot;flex&quot;}\" data-core-v316-plus=\"true\">\n\t\t\t\t<div class=\"elementor-element elementor-element-60d152a elementor-widget elementor-widget-image\" data-id=\"60d152a\" data-element_type=\"widget\" data-widget_type=\"image.default\">\n\t\t\t\t<div class=\"elementor-widget-container\">\n\t\t\t\t\t\t\t\t\t\t\t\t\t<img fetchpriority=\"high\" decoding=\"async\" width=\"2000\" height=\"136\" src=\"https:\/\/niezawodneczesci.pl\/wp-content\/uploads\/droga_2a.png\" class=\"attachment-full size-full wp-image-20217\" alt=\"\" srcset=\"https:\/\/niezawodneczesci.pl\/wp-content\/uploads\/droga_2a.png 2000w, https:\/\/niezawodneczesci.pl\/wp-content\/uploads\/droga_2a-300x20.png 300w, https:\/\/niezawodneczesci.pl\/wp-content\/uploads\/droga_2a-1024x70.png 1024w, https:\/\/niezawodneczesci.pl\/wp-content\/uploads\/droga_2a-768x52.png 768w, https:\/\/niezawodneczesci.pl\/wp-content\/uploads\/droga_2a-1536x104.png 1536w, https:\/\/niezawodneczesci.pl\/wp-content\/uploads\/droga_2a-18x1.png 18w, https:\/\/niezawodneczesci.pl\/wp-content\/uploads\/droga_2a-600x41.png 600w\" sizes=\"(max-width: 2000px) 100vw, 2000px\" \/>\t\t\t\t\t\t\t\t\t\t\t\t\t<\/div>\n\t\t\t\t<\/div>\n\t\t\t\t<\/div>\n\t\t<div class=\"elementor-element elementor-element-f8ab199 e-flex e-con-boxed e-con e-parent\" data-id=\"f8ab199\" data-element_type=\"container\" data-settings=\"{&quot;container_type&quot;:&quot;flex&quot;,&quot;content_width&quot;:&quot;boxed&quot;}\" data-core-v316-plus=\"true\">\n\t\t\t\t\t<div class=\"e-con-inner\">\n\t\t<div class=\"elementor-element elementor-element-b979fc8 e-con-full e-flex e-con e-child\" data-id=\"b979fc8\" data-element_type=\"container\" data-settings=\"{&quot;content_width&quot;:&quot;full&quot;,&quot;container_type&quot;:&quot;flex&quot;}\">\n\t\t\t\t<div class=\"elementor-element elementor-element-4e161ed elementor-widget elementor-widget-image\" data-id=\"4e161ed\" data-element_type=\"widget\" data-widget_type=\"image.default\">\n\t\t\t\t<div class=\"elementor-widget-container\">\n\t\t\t\t\t\t\t\t\t\t\t\t\t<img decoding=\"async\" width=\"384\" height=\"216\" src=\"https:\/\/niezawodneczesci.pl\/wp-content\/uploads\/SUNRICH_STRONA_1.png\" class=\"attachment-large size-large wp-image-20215\" alt=\"\" srcset=\"https:\/\/niezawodneczesci.pl\/wp-content\/uploads\/SUNRICH_STRONA_1.png 384w, https:\/\/niezawodneczesci.pl\/wp-content\/uploads\/SUNRICH_STRONA_1-300x169.png 300w, https:\/\/niezawodneczesci.pl\/wp-content\/uploads\/SUNRICH_STRONA_1-18x10.png 18w\" sizes=\"(max-width: 384px) 100vw, 384px\" \/>\t\t\t\t\t\t\t\t\t\t\t\t\t<\/div>\n\t\t\t\t<\/div>\n\t\t\t\t<\/div>\n\t\t<div class=\"elementor-element elementor-element-1cb8b0b e-con-full e-flex e-con e-child\" data-id=\"1cb8b0b\" data-element_type=\"container\" data-settings=\"{&quot;content_width&quot;:&quot;full&quot;,&quot;container_type&quot;:&quot;flex&quot;}\">\n\t\t\t\t<div class=\"elementor-element elementor-element-ced561b elementor-widget__width-initial elementor-widget elementor-widget-text-editor\" data-id=\"ced561b\" data-element_type=\"widget\" data-widget_type=\"text-editor.default\">\n\t\t\t\t<div class=\"elementor-widget-container\">\n\t\t\t\t\t\t\t<p>Istniej\u0105 w\u00a0bran\u017cy motoryzacyjnej technologie, kt\u00f3re ewoluuj\u0105 \u2013 metaforycznie \u2013 w\u00a0mgnieniu oka. Rynek b\u0142yskawicznie dostosowuje si\u0119 do\u00a0popytu, regulacji ekologicznych, norm ekonomicznych i\u00a0produkcyjnych. W\u00a0\u015bwiecie automotive funkcjonuj\u0105 tak\u017ce\u00a0technologie o\u00a0niezachwianym status quo. S\u0105\u00a0na\u00a0tyle dobre, \u017ce\u00a0ich ewentualna zmiana obejmie tylko\u00a0kosmetyczne poprawki materia\u0142owe, za\u015b\u00a0g\u0142\u00f3wny projekt in\u017cynieryjny oparty pozostanie na\u00a0tradycji. Tak\u0105 technologi\u0105 jest\u00a0tarczowy system hamulcowy, kt\u00f3ry\u00a0\u2013 wypieraj\u0105c hamulce b\u0119bnowe \u2013 trwale zadomowi\u0142 si\u0119 na\u00a0pozycji lidera. Wczoraj, dzi\u015b, jutro \u2013 nie\u00a0wida\u0107 horyzontu, za\u00a0kt\u00f3rym\u00a0czeka co\u015b lepszego w\u00a0temacie hamowania.<\/p><p>Sunrich<sup>\u00ae<\/sup>\u00a0jest\u00a0cz\u0142onkiem tej\u00a0technologii od\u00a0dwudziestu lat. Tradycyjnym w\u00a0zamy\u015ble, post\u0119powym w\u00a0dzia\u0142aniu i\u00a0projekcie materia\u0142owym, kt\u00f3ry\u00a0s\u0142u\u017cy\u0107 ma\u00a0pojazdom i\u00a0u\u017cytkownikom. Tak, by\u00a0zapewni\u0107 d\u0142u\u017csz\u0105 eksploatacj\u0119 i\u00a0komfortowe u\u017cytkowanie przy zachowaniu absolutnej podstawy, kt\u00f3rej\u00a0ten system s\u0142u\u017cy \u2013 bezpiecze\u0144stwu. Poznaj systemy Sunrich<sup>\u00ae<\/sup>\u00a0\u2013 technologi\u0119 na\u00a0bezpieczne jutro z\u00a0nut\u0105 innowacyjno\u015bci, kt\u00f3ra\u00a0zamkni\u0119ta jest\u00a0w\u00a0minimalistycznej linii.a<\/p>\t\t\t\t\t\t<\/div>\n\t\t\t\t<\/div>\n\t\t\t\t<\/div>\n\t\t\t\t\t<\/div>\n\t\t\t\t<\/div>\n\t\t\t\t<\/div>\n\t\t","protected":false},"excerpt":{"rendered":"<p>Sunrich\u00ae \/ Sekureco\u00ae\u00a0 Z NAMI DO CELU Lorem ipsum dolor sit amet, consectetur adipiscing elit. Ut elit tellus, luctus nec ullamcorper mattis, pulvinar dapibus leo. Istniej\u0105 w\u00a0bran\u017cy motoryzacyjnej technologie, kt\u00f3re ewoluuj\u0105 \u2013 metaforycznie \u2013 w\u00a0mgnieniu oka. Rynek b\u0142yskawicznie dostosowuje si\u0119 do\u00a0popytu, regulacji ekologicznych, norm ekonomicznych i\u00a0produkcyjnych. W\u00a0\u015bwiecie automotive funkcjonuj\u0105 tak\u017ce\u00a0technologie o\u00a0niezachwianym status quo. S\u0105\u00a0na\u00a0tyle dobre, [&hellip;]<\/p>\n","protected":false},"author":2,"featured_media":0,"parent":0,"menu_order":0,"comment_status":"closed","ping_status":"closed","template":"","meta":{"_monsterinsights_skip_tracking":false,"_monsterinsights_sitenote_active":false,"_monsterinsights_sitenote_note":"","_monsterinsights_sitenote_category":0,"footnotes":""},"class_list":["post-20195","page","type-page","status-publish","hentry"],"_links":{"self":[{"href":"https:\/\/niezawodneczesci.pl\/sk\/wp-json\/wp\/v2\/pages\/20195","targetHints":{"allow":["GET"]}}],"collection":[{"href":"https:\/\/niezawodneczesci.pl\/sk\/wp-json\/wp\/v2\/pages"}],"about":[{"href":"https:\/\/niezawodneczesci.pl\/sk\/wp-json\/wp\/v2\/types\/page"}],"author":[{"embeddable":true,"href":"https:\/\/niezawodneczesci.pl\/sk\/wp-json\/wp\/v2\/users\/2"}],"replies":[{"embeddable":true,"href":"https:\/\/niezawodneczesci.pl\/sk\/wp-json\/wp\/v2\/comments?post=20195"}],"version-history":[{"count":0,"href":"https:\/\/niezawodneczesci.pl\/sk\/wp-json\/wp\/v2\/pages\/20195\/revisions"}],"wp:attachment":[{"href":"https:\/\/niezawodneczesci.pl\/sk\/wp-json\/wp\/v2\/media?parent=20195"}],"curies":[{"name":"wp","href":"https:\/\/api.w.org\/{rel}","templated":true}]}}